{"id":17,"date":"2021-04-24T23:42:34","date_gmt":"2021-04-24T21:42:34","guid":{"rendered":"https:\/\/www.chemspec.sk\/?page_id=17"},"modified":"2021-04-25T00:32:03","modified_gmt":"2021-04-24T22:32:03","slug":"produkty","status":"publish","type":"page","link":"https:\/\/www.chemspec.sk\/?page_id=17","title":{"rendered":"Produkty"},"content":{"rendered":"\n<ul class=\"wp-block-list\"><li>spolo\u010dnos\u0165 realizuje aktivity v oblasti vodn\u00e9ho hospod\u00e1rstva a vodohospod\u00e1rskych technol\u00f3gi\u00ed:<\/li><li>dod\u00e1vky vodohospod\u00e1rskej ch\u00e9mie (koagulanty, flokulanty, odpe\u0148ova\u010de, skladovacie a d\u00e1vkovacie zariadenia na chemik\u00e1lie, at\u010f.)<\/li><li>pln\u00fd aplika\u010dn\u00fd, technologick\u00fd a technick\u00fd servis a poradenstvo<\/li><\/ul>\n","protected":false},"excerpt":{"rendered":"<p>spolo\u010dnos\u0165 realizuje aktivity v oblasti vodn\u00e9ho hospod\u00e1rstva a vodohospod\u00e1rskych technol\u00f3gi\u00ed: dod\u00e1vky vodohospod\u00e1rskej ch\u00e9mie (koagulanty, flokulanty, odpe\u0148ova\u010de, skladovacie a d\u00e1vkovacie zariadenia<\/p>\n<p><a href=\"https:\/\/www.chemspec.sk\/?page_id=17\" class=\"more-link\">Continue reading<span class=\"screen-reader-text\">Produkty<\/span><\/a><\/p>\n","protected":false},"author":1,"featured_media":0,"parent":0,"menu_order":0,"comment_status":"closed","ping_status":"closed","template":"","meta":{"_monsterinsights_skip_tracking":false,"_monsterinsights_sitenote_active":false,"_monsterinsights_sitenote_note":"","_monsterinsights_sitenote_category":0,"footnotes":""},"class_list":["post-17","page","type-page","status-publish","hentry"],"yoast_head":"<!-- This site is optimized with the Yoast SEO plugin v24.6 - https:\/\/yoast.com\/wordpress\/plugins\/seo\/ -->\n<title>Produkty - Chemspec Slovakia<\/title>\n<meta name=\"robots\" content=\"index, follow, max-snippet:-1, max-image-preview:large, max-video-preview:-1\" \/>\n<link rel=\"canonical\" href=\"https:\/\/www.chemspec.sk\/?page_id=17\" \/>\n<meta property=\"og:locale\" content=\"sk_SK\" \/>\n<meta property=\"og:type\" content=\"article\" \/>\n<meta property=\"og:title\" content=\"Produkty - Chemspec Slovakia\" \/>\n<meta property=\"og:description\" content=\"spolo\u010dnos\u0165 realizuje aktivity v oblasti vodn\u00e9ho hospod\u00e1rstva a vodohospod\u00e1rskych technol\u00f3gi\u00ed: dod\u00e1vky vodohospod\u00e1rskej ch\u00e9mie (koagulanty, flokulanty, odpe\u0148ova\u010de, skladovacie a d\u00e1vkovacie zariadeniaContinue readingProdukty\" \/>\n<meta property=\"og:url\" content=\"https:\/\/www.chemspec.sk\/?page_id=17\" \/>\n<meta property=\"og:site_name\" content=\"Chemspec Slovakia\" \/>\n<meta property=\"article:modified_time\" content=\"2021-04-24T22:32:03+00:00\" \/>\n<meta name=\"twitter:card\" content=\"summary_large_image\" \/>\n<meta name=\"twitter:label1\" content=\"Predpokladan\u00fd \u010das \u010d\u00edtania\" \/>\n\t<meta name=\"twitter:data1\" content=\"1 min\u00fata\" \/>\n<script type=\"application\/ld+json\" class=\"yoast-schema-graph\">{\"@context\":\"https:\/\/schema.org\",\"@graph\":[{\"@type\":\"WebPage\",\"@id\":\"https:\/\/www.chemspec.sk\/?page_id=17\",\"url\":\"https:\/\/www.chemspec.sk\/?page_id=17\",\"name\":\"Produkty - Chemspec Slovakia\",\"isPartOf\":{\"@id\":\"https:\/\/www.chemspec.sk\/#website\"},\"datePublished\":\"2021-04-24T21:42:34+00:00\",\"dateModified\":\"2021-04-24T22:32:03+00:00\",\"breadcrumb\":{\"@id\":\"https:\/\/www.chemspec.sk\/?page_id=17#breadcrumb\"},\"inLanguage\":\"sk-SK\",\"potentialAction\":[{\"@type\":\"ReadAction\",\"target\":[\"https:\/\/www.chemspec.sk\/?page_id=17\"]}]},{\"@type\":\"BreadcrumbList\",\"@id\":\"https:\/\/www.chemspec.sk\/?page_id=17#breadcrumb\",\"itemListElement\":[{\"@type\":\"ListItem\",\"position\":1,\"name\":\"Home\",\"item\":\"https:\/\/www.chemspec.sk\/\"},{\"@type\":\"ListItem\",\"position\":2,\"name\":\"Produkty\"}]},{\"@type\":\"WebSite\",\"@id\":\"https:\/\/www.chemspec.sk\/#website\",\"url\":\"https:\/\/www.chemspec.sk\/\",\"name\":\"Chemspec Slovakia\",\"description\":\"\",\"potentialAction\":[{\"@type\":\"SearchAction\",\"target\":{\"@type\":\"EntryPoint\",\"urlTemplate\":\"https:\/\/www.chemspec.sk\/?s={search_term_string}\"},\"query-input\":{\"@type\":\"PropertyValueSpecification\",\"valueRequired\":true,\"valueName\":\"search_term_string\"}}],\"inLanguage\":\"sk-SK\"}]}<\/script>\n<!-- \/ Yoast SEO plugin. -->","yoast_head_json":{"title":"Produkty - Chemspec Slovakia","robots":{"index":"index","follow":"follow","max-snippet":"max-snippet:-1","max-image-preview":"max-image-preview:large","max-video-preview":"max-video-preview:-1"},"canonical":"https:\/\/www.chemspec.sk\/?page_id=17","og_locale":"sk_SK","og_type":"article","og_title":"Produkty - Chemspec Slovakia","og_description":"spolo\u010dnos\u0165 realizuje aktivity v oblasti vodn\u00e9ho hospod\u00e1rstva a vodohospod\u00e1rskych technol\u00f3gi\u00ed: dod\u00e1vky vodohospod\u00e1rskej ch\u00e9mie (koagulanty, flokulanty, odpe\u0148ova\u010de, skladovacie a d\u00e1vkovacie zariadeniaContinue readingProdukty","og_url":"https:\/\/www.chemspec.sk\/?page_id=17","og_site_name":"Chemspec Slovakia","article_modified_time":"2021-04-24T22:32:03+00:00","twitter_card":"summary_large_image","twitter_misc":{"Predpokladan\u00fd \u010das \u010d\u00edtania":"1 min\u00fata"},"schema":{"@context":"https:\/\/schema.org","@graph":[{"@type":"WebPage","@id":"https:\/\/www.chemspec.sk\/?page_id=17","url":"https:\/\/www.chemspec.sk\/?page_id=17","name":"Produkty - Chemspec Slovakia","isPartOf":{"@id":"https:\/\/www.chemspec.sk\/#website"},"datePublished":"2021-04-24T21:42:34+00:00","dateModified":"2021-04-24T22:32:03+00:00","breadcrumb":{"@id":"https:\/\/www.chemspec.sk\/?page_id=17#breadcrumb"},"inLanguage":"sk-SK","potentialAction":[{"@type":"ReadAction","target":["https:\/\/www.chemspec.sk\/?page_id=17"]}]},{"@type":"BreadcrumbList","@id":"https:\/\/www.chemspec.sk\/?page_id=17#breadcrumb","itemListElement":[{"@type":"ListItem","position":1,"name":"Home","item":"https:\/\/www.chemspec.sk\/"},{"@type":"ListItem","position":2,"name":"Produkty"}]},{"@type":"WebSite","@id":"https:\/\/www.chemspec.sk\/#website","url":"https:\/\/www.chemspec.sk\/","name":"Chemspec Slovakia","description":"","potentialAction":[{"@type":"SearchAction","target":{"@type":"EntryPoint","urlTemplate":"https:\/\/www.chemspec.sk\/?s={search_term_string}"},"query-input":{"@type":"PropertyValueSpecification","valueRequired":true,"valueName":"search_term_string"}}],"inLanguage":"sk-SK"}]}},"_links":{"self":[{"href":"https:\/\/www.chemspec.sk\/index.php?rest_route=\/wp\/v2\/pages\/17","targetHints":{"allow":["GET"]}}],"collection":[{"href":"https:\/\/www.chemspec.sk\/index.php?rest_route=\/wp\/v2\/pages"}],"about":[{"href":"https:\/\/www.chemspec.sk\/index.php?rest_route=\/wp\/v2\/types\/page"}],"author":[{"embeddable":true,"href":"https:\/\/www.chemspec.sk\/index.php?rest_route=\/wp\/v2\/users\/1"}],"replies":[{"embeddable":true,"href":"https:\/\/www.chemspec.sk\/index.php?rest_route=%2Fwp%2Fv2%2Fcomments&post=17"}],"version-history":[{"count":2,"href":"https:\/\/www.chemspec.sk\/index.php?rest_route=\/wp\/v2\/pages\/17\/revisions"}],"predecessor-version":[{"id":49,"href":"https:\/\/www.chemspec.sk\/index.php?rest_route=\/wp\/v2\/pages\/17\/revisions\/49"}],"wp:attachment":[{"href":"https:\/\/www.chemspec.sk\/index.php?rest_route=%2Fwp%2Fv2%2Fmedia&parent=17"}],"curies":[{"name":"wp","href":"https:\/\/api.w.org\/{rel}","templated":true}]}}